{"id":1010,"date":"2016-06-24T11:02:23","date_gmt":"2016-06-24T11:02:23","guid":{"rendered":"http:\/\/demo.oceanthemes.net\/archi\/?page_id=1010"},"modified":"2024-04-24T19:56:18","modified_gmt":"2024-04-24T19:56:18","slug":"services-list","status":"publish","type":"page","link":"https:\/\/rocheamenagement.com\/?page_id=1010","title":{"rendered":"Services List"},"content":{"rendered":"<div class=\"wpb-content-wrapper\"><p>[vc_row fullwidth=&#8221;yes&#8221; css=&#8221;.vc_custom_1466766141111{padding-top: 0px !important;padding-bottom: 0px !important;}&#8221;][vc_column]\t<!-- Element: OT Services List -->\n\t\n\t\t\n\t\t<section class=\"side-bg no-padding service-list\" id=\"section-service-1\">\n\n\t\t\t\n            <div class=\"image-container col-md-5 col-md-offset-7 pull-right right0 hidden-xs\" data-delay=\"0\">\n                <div class=\"background-image\" style=\"background-image:url('https:\/\/rocheamenagement.com\/wp-content\/uploads\/2024\/04\/GVJKLOSS.jpg');\"><\/div>\n            <\/div>\n\n            <!-- Added this code in 26\/03\/2019 -->\n            <div class=\"visible-xs mb-30\" data-delay=\"0\">\n            \t<img loading=\"lazy\" decoding=\"async\" width=\"800\" height=\"385\" src=\"https:\/\/rocheamenagement.com\/wp-content\/uploads\/2024\/04\/GVJKLOSS.jpg\" class=\"img-responsive wp-post-image\" alt=\"\" srcset=\"https:\/\/rocheamenagement.com\/wp-content\/uploads\/2024\/04\/GVJKLOSS.jpg 800w, https:\/\/rocheamenagement.com\/wp-content\/uploads\/2024\/04\/GVJKLOSS-300x144.jpg 300w, https:\/\/rocheamenagement.com\/wp-content\/uploads\/2024\/04\/GVJKLOSS-768x370.jpg 768w, https:\/\/rocheamenagement.com\/wp-content\/uploads\/2024\/04\/GVJKLOSS-600x289.jpg 600w\" sizes=\"auto, (max-width: 800px) 100vw, 800px\" title=\"GVJKLO\u0308+SS\" \/>            <\/div>\n\t\t\t\n            <div class=\"container\">\n                <div class=\"row\">\n                    <div class=\"inner-padding\">\n                        <div data-wow-delay=\".5s\" class=\"col-md-6 wow fadeInLeft\">\n                            <h3 class=\"id-color\">PAROI DE DOUCHE<\/h3>\n                            <div class=\"service-excerpt\"><p>[vc_row fullwidth=&#8221;yes&#8221; css=&#8221;.vc_custom_1439546115200{padding-top: 0px !important;padding-bottom: 0px !important;}&#8221;][vc_column width=&#8221;1\/2&#8243;][vc_column_text css=&#8221;&#8221;] Syst\u00e8me de paroi de douche minimaliste qui combine l&#8217;esth\u00e9tique la plus avant-gardiste avec les exigences de s\u00e9curit\u00e9 les plus \u00e9lev\u00e9es. Syst\u00e8me de paroi de douches innovant qui peut \u00eatre install\u00e9 sur la dalle, en bord de dalle ou compl\u00e8tement encastr\u00e9 et a la possibilit\u00e9 d&#8217;\u00eatre \u00e9clair\u00e9 [&hellip;]<\/p>\n<\/div>\n                            \t\t\t\t\t\t\t\t<div class=\"spacer-single\"><\/div>\n\t                            <a class=\"btn-line\" href=\"https:\/\/rocheamenagement.com\/?service=paroi-de-douche\">Read More<\/a>\n\t\t\t\t\t\t\t                        <\/div>\n                        <div class=\"clearfix\"><\/div>\n                    <\/div>\n                <\/div>\n            <\/div>\n            \n        <\/section>            \n\t\n\t\n\t\t\n\t\t<section class=\"side-bg no-padding service-list\" id=\"section-service-2\">\n\n\t\t\t\t\t\t\n            <div class=\"image-container col-md-5 pull-left hidden-xs\" data-delay=\"0\">\n                <div class=\"background-image\" style=\"background-image:url('https:\/\/rocheamenagement.com\/wp-content\/uploads\/2015\/08\/serviccc.jpg');\"><\/div>\n            <\/div>\n\n            <!-- Added this code in 26\/03\/2019 -->\n            <div class=\"visible-xs mb-30\" data-delay=\"0\">\n            \t<img loading=\"lazy\" decoding=\"async\" width=\"700\" height=\"466\" src=\"https:\/\/rocheamenagement.com\/wp-content\/uploads\/2015\/08\/serviccc.jpg\" class=\"img-responsive wp-post-image\" alt=\"\" srcset=\"https:\/\/rocheamenagement.com\/wp-content\/uploads\/2015\/08\/serviccc.jpg 700w, https:\/\/rocheamenagement.com\/wp-content\/uploads\/2015\/08\/serviccc-300x200.jpg 300w, https:\/\/rocheamenagement.com\/wp-content\/uploads\/2015\/08\/serviccc-600x399.jpg 600w\" sizes=\"auto, (max-width: 700px) 100vw, 700px\" title=\"serviccc\" \/>            <\/div>\n\t\t\t\n            <div class=\"container\">\n                <div class=\"row\">\n                    <div class=\"inner-padding\">\n                        <div data-wow-delay=\".5s\" class=\"col-md-6 col-md-offset-6 wow fadeInRight\">\n                            <h3 class=\"id-color\">COULISSANT \u00c0 GALANDAGE CONFORT<\/h3>\n                            <div class=\"service-excerpt\"><p>&#8220;Chez ROCHE AM\u00c9NAGEMENT, nous nous engageons fermement envers l&#8217;excellence et la satisfaction de nos clients. Dot\u00e9s d&#8217;une expertise forg\u00e9e au fil des ann\u00e9es et anim\u00e9s par une qu\u00eate perp\u00e9tuelle d&#8217;am\u00e9lioration, notre \u00e9quipe est pr\u00eate \u00e0 r\u00e9pondre \u00e0 tous vos besoins en mati\u00e8re de portes et fen\u00eatres en aluminium, pergolas bioclimatiques, volets roulants, parois de douche et garde-corps. Nous sommes honor\u00e9s de jouer un r\u00f4le dans l&#8217;embellissement et la fonctionnalit\u00e9 de votre espace de vie, et nous nous effor\u00e7ons constamment de d\u00e9passer vos attentes, en vous offrant des produits et un service qui vous raviront \u00e0 chaque \u00e9tape de votre projet.&#8221;<\/p>\n<\/div>\n                            \t\t\t\t\t\t\t\t<div class=\"spacer-single\"><\/div>\n\t                            <a class=\"btn-line\" href=\"https:\/\/rocheamenagement.com\/?service=hospitally-design\">Read More<\/a>\n\t\t\t\t\t\t\t                        <\/div>\n                        <div class=\"clearfix\"><\/div>\n                    <\/div>\n                <\/div>\n            <\/div>\n\n            \n        <\/section>            \n\t\n\t\n\t\t\n\t\t<section class=\"side-bg no-padding service-list\" id=\"section-service-3\">\n\n\t\t\t\n            <div class=\"image-container col-md-5 col-md-offset-7 pull-right right0 hidden-xs\" data-delay=\"0\">\n                <div class=\"background-image\" style=\"background-image:url('https:\/\/rocheamenagement.com\/wp-content\/uploads\/2015\/08\/pergolo-gf.jpg');\"><\/div>\n            <\/div>\n\n            <!-- Added this code in 26\/03\/2019 -->\n            <div class=\"visible-xs mb-30\" data-delay=\"0\">\n            \t<img loading=\"lazy\" decoding=\"async\" width=\"800\" height=\"385\" src=\"https:\/\/rocheamenagement.com\/wp-content\/uploads\/2015\/08\/pergolo-gf.jpg\" class=\"img-responsive wp-post-image\" alt=\"\" srcset=\"https:\/\/rocheamenagement.com\/wp-content\/uploads\/2015\/08\/pergolo-gf.jpg 800w, https:\/\/rocheamenagement.com\/wp-content\/uploads\/2015\/08\/pergolo-gf-300x144.jpg 300w, https:\/\/rocheamenagement.com\/wp-content\/uploads\/2015\/08\/pergolo-gf-768x370.jpg 768w, https:\/\/rocheamenagement.com\/wp-content\/uploads\/2015\/08\/pergolo-gf-600x289.jpg 600w\" sizes=\"auto, (max-width: 800px) 100vw, 800px\" title=\"pergolo gf\" \/>            <\/div>\n\t\t\t\n            <div class=\"container\">\n                <div class=\"row\">\n                    <div class=\"inner-padding\">\n                        <div data-wow-delay=\".5s\" class=\"col-md-6 wow fadeInLeft\">\n                            <h3 class=\"id-color\">PERGOLA BIOCLIMATIQUE<\/h3>\n                            <div class=\"service-excerpt\"><p>Notre engagement envers l&#8217;excellence et le service client assure la pleine satisfaction de nos clients. Forts d&#8217;une expertise accumul\u00e9e au fil des ann\u00e9es et d&#8217;une recherche constante d&#8217;am\u00e9lioration, notre \u00e9quipe est pr\u00eate \u00e0 r\u00e9pondre \u00e0 tous vos besoins en mati\u00e8re de portes et fen\u00eatres en aluminium, pergolas bioclimatiques, volets roulants, parois de douche et garde-corps. Nous sommes enchant\u00e9s de contribuer \u00e0 rendre votre espace de vie encore plus agr\u00e9able et fonctionnel.<\/p>\n<\/div>\n                            \t\t\t\t\t\t\t\t<div class=\"spacer-single\"><\/div>\n\t                            <a class=\"btn-line\" href=\"https:\/\/rocheamenagement.com\/?service=residential-design\">Read More<\/a>\n\t\t\t\t\t\t\t                        <\/div>\n                        <div class=\"clearfix\"><\/div>\n                    <\/div>\n                <\/div>\n            <\/div>\n            \n        <\/section>            \n\t\n\t\n\t\t\n\t\t<section class=\"side-bg no-padding service-list\" id=\"section-service-4\">\n\n\t\t\t\t\t\t\n            <div class=\"image-container col-md-5 pull-left hidden-xs\" data-delay=\"0\">\n                <div class=\"background-image\" style=\"background-image:url('https:\/\/rocheamenagement.com\/wp-content\/uploads\/2015\/08\/llllssss.jpg');\"><\/div>\n            <\/div>\n\n            <!-- Added this code in 26\/03\/2019 -->\n            <div class=\"visible-xs mb-30\" data-delay=\"0\">\n            \t<img loading=\"lazy\" decoding=\"async\" width=\"800\" height=\"385\" src=\"https:\/\/rocheamenagement.com\/wp-content\/uploads\/2015\/08\/llllssss.jpg\" class=\"img-responsive wp-post-image\" alt=\"\" srcset=\"https:\/\/rocheamenagement.com\/wp-content\/uploads\/2015\/08\/llllssss.jpg 800w, https:\/\/rocheamenagement.com\/wp-content\/uploads\/2015\/08\/llllssss-300x144.jpg 300w, https:\/\/rocheamenagement.com\/wp-content\/uploads\/2015\/08\/llllssss-768x370.jpg 768w, https:\/\/rocheamenagement.com\/wp-content\/uploads\/2015\/08\/llllssss-600x289.jpg 600w\" sizes=\"auto, (max-width: 800px) 100vw, 800px\" title=\"llllssss\" \/>            <\/div>\n\t\t\t\n            <div class=\"container\">\n                <div class=\"row\">\n                    <div class=\"inner-padding\">\n                        <div data-wow-delay=\".5s\" class=\"col-md-6 col-md-offset-6 wow fadeInRight\">\n                            <h3 class=\"id-color\">MURS RIDEAUX<\/h3>\n                            <div class=\"service-excerpt\"><p>&#8220;Notre d\u00e9vouement envers la qualit\u00e9 et l&#8217;attention au client garantissent une exp\u00e9rience satisfaisante chez PROCHE AM\u00c9NAGEMENT. Avec une expertise accumul\u00e9e au fil des ann\u00e9es et un engagement constant pour nous am\u00e9liorer, notre \u00e9quipe est pr\u00eate \u00e0 r\u00e9pondre \u00e0 tous vos besoins en mati\u00e8re de portes et fen\u00eatres en aluminium, pergolas bioclimatiques, volets roulants, parois de douche et garde-corps. Nous sommes ravis de jouer un r\u00f4le dans la cr\u00e9ation d&#8217;un espace de vie qui allie confort et fonctionnalit\u00e9, et nous nous engageons \u00e0 d\u00e9passer vos attentes \u00e0 chaque \u00e9tape de votre projet.&#8221;<\/p>\n<\/div>\n                            \t\t\t\t\t\t\t\t<div class=\"spacer-single\"><\/div>\n\t                            <a class=\"btn-line\" href=\"https:\/\/rocheamenagement.com\/?service=office-design\">Read More<\/a>\n\t\t\t\t\t\t\t                        <\/div>\n                        <div class=\"clearfix\"><\/div>\n                    <\/div>\n                <\/div>\n            <\/div>\n\n            \n        <\/section>            \n\t\n\t\n\t\t\n\t\t<section class=\"side-bg no-padding service-list\" id=\"section-service-5\">\n\n\t\t\t\n            <div class=\"image-container col-md-5 col-md-offset-7 pull-right right0 hidden-xs\" data-delay=\"0\">\n                <div class=\"background-image\" style=\"background-image:url('https:\/\/rocheamenagement.com\/wp-content\/uploads\/2015\/08\/RIDDDDDDSDD-1.jpg');\"><\/div>\n            <\/div>\n\n            <!-- Added this code in 26\/03\/2019 -->\n            <div class=\"visible-xs mb-30\" data-delay=\"0\">\n            \t<img loading=\"lazy\" decoding=\"async\" width=\"800\" height=\"385\" src=\"https:\/\/rocheamenagement.com\/wp-content\/uploads\/2015\/08\/RIDDDDDDSDD-1.jpg\" class=\"img-responsive wp-post-image\" alt=\"\" srcset=\"https:\/\/rocheamenagement.com\/wp-content\/uploads\/2015\/08\/RIDDDDDDSDD-1.jpg 800w, https:\/\/rocheamenagement.com\/wp-content\/uploads\/2015\/08\/RIDDDDDDSDD-1-300x144.jpg 300w, https:\/\/rocheamenagement.com\/wp-content\/uploads\/2015\/08\/RIDDDDDDSDD-1-768x370.jpg 768w, https:\/\/rocheamenagement.com\/wp-content\/uploads\/2015\/08\/RIDDDDDDSDD-1-600x289.jpg 600w\" sizes=\"auto, (max-width: 800px) 100vw, 800px\" title=\"RIDDDDDDSDD\" \/>            <\/div>\n\t\t\t\n            <div class=\"container\">\n                <div class=\"row\">\n                    <div class=\"inner-padding\">\n                        <div data-wow-delay=\".5s\" class=\"col-md-6 wow fadeInLeft\">\n                            <h3 class=\"id-color\">Commercial Design<\/h3>\n                            <div class=\"service-excerpt\"><p>&#8220;Chez ROCHE AM\u00c9NAGEMENT, nous nous engageons \u00e0 offrir une gamme compl\u00e8te de volets roulants r\u00e9pondant \u00e0 tous les besoins et budgets. De nos volets roulants plats \u00e0 nos mod\u00e8les bomber de gamme moyenne, jusqu&#8217;\u00e0 nos volets extrud\u00e9s haut de gamme, nous veillons \u00e0 ce que chaque produit soit con\u00e7u avec soin et pr\u00e9cision pour garantir votre satisfaction. Quel que soit votre choix, vous pouvez compter sur la qualit\u00e9 et la durabilit\u00e9, ainsi que sur notre engagement \u00e0 vous offrir le meilleur service possible.&#8221;<\/p>\n<\/div>\n                            \t\t\t\t\t\t\t\t<div class=\"spacer-single\"><\/div>\n\t                            <a class=\"btn-line\" href=\"https:\/\/rocheamenagement.com\/?service=commercial-design\">Read More<\/a>\n\t\t\t\t\t\t\t                        <\/div>\n                        <div class=\"clearfix\"><\/div>\n                    <\/div>\n                <\/div>\n            <\/div>\n            \n        <\/section>            \n\t\n\t\t\n\n[\/vc_column][\/vc_row]<\/p>\n<\/div>","protected":false},"excerpt":{"rendered":"<p>[vc_row fullwidth=&#8221;yes&#8221; css=&#8221;.vc_custom_1466766141111{padding-top: 0px !important;padding-bottom: 0px !important;}&#8221;][vc_column][\/vc_column][\/vc_row]<\/p>\n","protected":false},"author":1,"featured_media":0,"parent":0,"menu_order":0,"comment_status":"closed","ping_status":"closed","template":"page-templates\/template-fullwidth.php","meta":{"footnotes":""},"class_list":["post-1010","page","type-page","status-publish","hentry"],"_hostinger_reach_plugin_has_subscription_block":false,"_hostinger_reach_plugin_is_elementor":false,"_links":{"self":[{"href":"https:\/\/rocheamenagement.com\/index.php?rest_route=\/wp\/v2\/pages\/1010","targetHints":{"allow":["GET"]}}],"collection":[{"href":"https:\/\/rocheamenagement.com\/index.php?rest_route=\/wp\/v2\/pages"}],"about":[{"href":"https:\/\/rocheamenagement.com\/index.php?rest_route=\/wp\/v2\/types\/page"}],"author":[{"embeddable":true,"href":"https:\/\/rocheamenagement.com\/index.php?rest_route=\/wp\/v2\/users\/1"}],"replies":[{"embeddable":true,"href":"https:\/\/rocheamenagement.com\/index.php?rest_route=%2Fwp%2Fv2%2Fcomments&post=1010"}],"version-history":[{"count":1,"href":"https:\/\/rocheamenagement.com\/index.php?rest_route=\/wp\/v2\/pages\/1010\/revisions"}],"predecessor-version":[{"id":1699,"href":"https:\/\/rocheamenagement.com\/index.php?rest_route=\/wp\/v2\/pages\/1010\/revisions\/1699"}],"wp:attachment":[{"href":"https:\/\/rocheamenagement.com\/index.php?rest_route=%2Fwp%2Fv2%2Fmedia&parent=1010"}],"curies":[{"name":"wp","href":"https:\/\/api.w.org\/{rel}","templated":true}]}}